{"id":172,"date":"2020-04-18T09:29:46","date_gmt":"2020-04-18T09:29:46","guid":{"rendered":"https:\/\/drilltech.com.mx\/index.php\/home-2\/"},"modified":"2023-07-01T17:17:39","modified_gmt":"2023-07-01T17:17:39","slug":"home-2","status":"publish","type":"page","link":"https:\/\/drilltech.com.mx\/","title":{"rendered":"Inicio"},"content":{"rendered":"\t\t<div data-elementor-type=\"wp-post\" data-elementor-id=\"172\" class=\"elementor elementor-172\">\n\t\t\t\t\t\t<section class=\"elementor-section elementor-top-section elementor-element elementor-element-72a0fdd6 elementor-section-stretched elementor-section-height-full aux-appear-watch-animation aux-fade-in-down elementor-section-items-stretch elementor-section-boxed elementor-section-height-default\" data-id=\"72a0fdd6\" data-element_type=\"section\" data-settings=\"{&quot;stretch_section&quot;:&quot;section-stretched&quot;,&quot;background_background&quot;:&quot;classic&quot;}\">\n\t\t\t\t\t\t\t<div class=\"elementor-background-overlay\"><\/div>\n\t\t\t\t\t\t\t<div class=\"elementor-container elementor-column-gap-no\">\n\t\t\t\t\t<div class=\"aux-parallax-section elementor-column elementor-col-100 elementor-top-column elementor-element elementor-element-21451e44\" data-id=\"21451e44\" data-element_type=\"column\">\n\t\t\t<div class=\"elementor-widget-wrap elementor-element-populated\">\n\t\t\t\t\t\t<div class=\"elementor-element elementor-element-588a671 elementor-widget__width-initial elementor-widget elementor-widget-image\" data-id=\"588a671\" data-element_type=\"widget\" data-widget_type=\"image.default\">\n\t\t\t\t<div class=\"elementor-widget-container\">\n\t\t\t\t\t\t\t\t\t\t\t\t\t\t\t<img fetchpriority=\"high\" decoding=\"async\" width=\"640\" height=\"640\" src=\"https:\/\/drilltech.com.mx\/wp-content\/uploads\/2023\/06\/WhatsApp-Image-2023-04-27-at-12.50.05.jpeg\" class=\"attachment-full size-full wp-image-121\" alt=\"\" srcset=\"https:\/\/drilltech.com.mx\/wp-content\/uploads\/2023\/06\/WhatsApp-Image-2023-04-27-at-12.50.05.jpeg 640w, https:\/\/drilltech.com.mx\/wp-content\/uploads\/2023\/06\/WhatsApp-Image-2023-04-27-at-12.50.05-300x300.jpeg 300w, https:\/\/drilltech.com.mx\/wp-content\/uploads\/2023\/06\/WhatsApp-Image-2023-04-27-at-12.50.05-150x150.jpeg 150w\" sizes=\"(max-width: 640px) 100vw, 640px\" \/>\t\t\t\t\t\t\t\t\t\t\t\t\t\t\t<\/div>\n\t\t\t\t<\/div>\n\t\t\t\t<div class=\"elementor-element elementor-element-0ce0533 aux-appear-watch-animation aux-fade-in-right-2 elementor-widget__width-initial elementor-widget-tablet__width-initial elementor-widget-mobile__width-initial elementor-widget elementor-widget-aux_modern_heading\" data-id=\"0ce0533\" data-element_type=\"widget\" data-widget_type=\"aux_modern_heading.default\">\n\t\t\t\t<div class=\"elementor-widget-container\">\n\t\t\t\t\t<section class=\"aux-widget-modern-heading\">\n            <div class=\"aux-widget-inner\"><h4 class=\"aux-modern-heading-primary\">Somos<\/h4><div class=\"aux-modern-heading-divider\"><\/div><h1 class=\"aux-modern-heading-secondary\"><span class=\"aux-head-before\">DRILLTECH<\/span><\/h1><\/div>\n        <\/section>\t\t\t\t<\/div>\n\t\t\t\t<\/div>\n\t\t\t\t\t<\/div>\n\t\t<\/div>\n\t\t\t\t\t<\/div>\n\t\t<\/section>\n\t\t\t\t<section class=\"elementor-section elementor-top-section elementor-element elementor-element-177d82f0 elementor-section-content-middle elementor-section-boxed elementor-section-height-default elementor-section-height-default\" data-id=\"177d82f0\" data-element_type=\"section\">\n\t\t\t\t\t\t<div class=\"elementor-container elementor-column-gap-extended\">\n\t\t\t\t\t<div class=\"aux-parallax-section elementor-column elementor-col-50 elementor-top-column elementor-element elementor-element-7bcab9b9\" data-id=\"7bcab9b9\" data-element_type=\"column\">\n\t\t\t<div class=\"elementor-widget-wrap elementor-element-populated\">\n\t\t\t\t\t\t<div class=\"elementor-element elementor-element-4616b3cd aux-appear-watch-animation aux-fade-in-up elementor-widget elementor-widget-aux_modern_heading\" data-id=\"4616b3cd\" data-element_type=\"widget\" data-widget_type=\"aux_modern_heading.default\">\n\t\t\t\t<div class=\"elementor-widget-container\">\n\t\t\t\t\t<section class=\"aux-widget-modern-heading\">\n            <div class=\"aux-widget-inner\"><h2 class=\"aux-modern-heading-primary\">Qui\u00e9nes somos<\/h2><h3 class=\"aux-modern-heading-secondary\"><span class=\"aux-head-before\">\u00a1Con\u00f3cenos!<\/span><\/h3><div class=\"aux-modern-heading-divider\"><\/div><div class=\"aux-modern-heading-description\"><ul><li>Somos una empresa dedicada a realizar perforaciones mineras de tipo Raise Boring de para la miner\u00eda y construcci\u00f3n acuerdo a las necesidades del cliente<\/li><li>Contamos con el equipo con la tecnolog\u00eda m\u00e1s moderna y personal capacitado para esta actividad.<\/li><\/ul><\/div><\/div>\n        <\/section>\t\t\t\t<\/div>\n\t\t\t\t<\/div>\n\t\t\t\t<div class=\"elementor-element elementor-element-627ab59 elementor-widget elementor-widget-aux_modern_button\" data-id=\"627ab59\" data-element_type=\"widget\" data-widget_type=\"aux_modern_button.default\">\n\t\t\t\t<div class=\"elementor-widget-container\">\n\t\t\t\t\t    <div class=\"aux-modern-button-wrapper aux-modern-button-align-left\" >\n                    <a class=\"aux-modern-button aux-black aux-modern-button-md aux-modern-button-normal aux-modern-button-outline aux-icon-\" href=\"https:\/\/drilltech.com.mx\/index.php\/about-us\/\">\n                <div class=\"aux-overlay\"><\/div>\n                                    <div class=\"aux-icon \">\n                                            <\/div>\n                                <div class=\"aux-text\">\n<span class=\"aux-text-before\">Leer m\u00e1s<\/span>                <\/div>\n            <\/a>\n            \n    <\/div>\n\n    \t\t\t\t<\/div>\n\t\t\t\t<\/div>\n\t\t\t\t\t<\/div>\n\t\t<\/div>\n\t\t\t\t<div class=\"aux-parallax-section elementor-column elementor-col-25 elementor-top-column elementor-element elementor-element-59212b16 aux-appear-watch-animation aux-fade-in-right-1\" data-id=\"59212b16\" data-element_type=\"column\">\n\t\t\t<div class=\"elementor-widget-wrap elementor-element-populated\">\n\t\t\t\t\t\t<div class=\"elementor-element elementor-element-8aa6921 elementor-widget elementor-widget-image\" data-id=\"8aa6921\" data-element_type=\"widget\" data-widget_type=\"image.default\">\n\t\t\t\t<div class=\"elementor-widget-container\">\n\t\t\t\t\t\t\t\t\t\t\t\t\t\t\t<img decoding=\"async\" width=\"958\" height=\"1024\" src=\"https:\/\/drilltech.com.mx\/wp-content\/uploads\/2023\/06\/Foto-6-958x1024.jpg\" class=\"attachment-large size-large wp-image-91\" alt=\"\" \/>\t\t\t\t\t\t\t\t\t\t\t\t\t\t\t<\/div>\n\t\t\t\t<\/div>\n\t\t\t\t\t<\/div>\n\t\t<\/div>\n\t\t\t\t<div class=\"aux-parallax-section elementor-column elementor-col-25 elementor-top-column elementor-element elementor-element-3cead55a aux-appear-watch-animation aux-fade-in-right-1\" data-id=\"3cead55a\" data-element_type=\"column\">\n\t\t\t<div class=\"elementor-widget-wrap elementor-element-populated\">\n\t\t\t\t\t\t<div class=\"elementor-element elementor-element-e472553 elementor-widget elementor-widget-image\" data-id=\"e472553\" data-element_type=\"widget\" data-widget_type=\"image.default\">\n\t\t\t\t<div class=\"elementor-widget-container\">\n\t\t\t\t\t\t\t\t\t\t\t\t\t\t\t<img decoding=\"async\" width=\"768\" height=\"1024\" src=\"https:\/\/drilltech.com.mx\/wp-content\/uploads\/2023\/06\/WhatsApp-Image-2023-04-27-at-12.50.05-2.jpeg\" class=\"attachment-large size-large wp-image-122\" alt=\"\" \/>\t\t\t\t\t\t\t\t\t\t\t\t\t\t\t<\/div>\n\t\t\t\t<\/div>\n\t\t\t\t\t<\/div>\n\t\t<\/div>\n\t\t\t\t\t<\/div>\n\t\t<\/section>\n\t\t\t\t<section class=\"elementor-section elementor-top-section elementor-element elementor-element-f3398c1 elementor-section-boxed elementor-section-height-default elementor-section-height-default\" data-id=\"f3398c1\" data-element_type=\"section\">\n\t\t\t\t\t\t<div class=\"elementor-container elementor-column-gap-default\">\n\t\t\t\t\t<div class=\"aux-parallax-section elementor-column elementor-col-100 elementor-top-column elementor-element elementor-element-cd38dce\" data-id=\"cd38dce\" data-element_type=\"column\">\n\t\t\t<div class=\"elementor-widget-wrap elementor-element-populated\">\n\t\t\t\t\t\t<div class=\"elementor-element elementor-element-174245f aux-appear-watch-animation aux-fade-in-up elementor-widget elementor-widget-aux_modern_heading\" data-id=\"174245f\" data-element_type=\"widget\" data-widget_type=\"aux_modern_heading.default\">\n\t\t\t\t<div class=\"elementor-widget-container\">\n\t\t\t\t\t<section class=\"aux-widget-modern-heading\">\n            <div class=\"aux-widget-inner\"><h2 class=\"aux-modern-heading-primary\">SERVICIO<\/h2><h3 class=\"aux-modern-heading-secondary\"><span class=\"aux-head-before\">Nos especializamos en perforaciones de tipo Raise Boring<\/span><\/h3><div class=\"aux-modern-heading-divider\"><\/div><\/div>\n        <\/section>\t\t\t\t<\/div>\n\t\t\t\t<\/div>\n\t\t\t\t<section class=\"elementor-section elementor-inner-section elementor-element elementor-element-c27b874 elementor-section-boxed elementor-section-height-default elementor-section-height-default\" data-id=\"c27b874\" data-element_type=\"section\">\n\t\t\t\t\t\t<div class=\"elementor-container elementor-column-gap-wide\">\n\t\t\t\t\t<div class=\"aux-parallax-section elementor-column elementor-col-20 elementor-inner-column elementor-element elementor-element-4a9f8a6 aux-appear-watch-animation aux-scale-down\" data-id=\"4a9f8a6\" data-element_type=\"column\">\n\t\t\t<div class=\"elementor-widget-wrap elementor-element-populated\">\n\t\t\t\t\t\t<div class=\"elementor-element elementor-element-62326fc elementor-widget elementor-widget-aux_text\" data-id=\"62326fc\" data-element_type=\"widget\" data-widget_type=\"aux_text.default\">\n\t\t\t\t<div class=\"elementor-widget-container\">\n\t\t\t\t\t<section class=\"widget-container aux-widget-text aux-parent-auf4e8cd0e\">        <div class=\"aux-widget-advanced-text aux-wrap-style-simple aux-ico-pos-top aux-text-center aux-text-resp- aux-text-color-dark aux-text-widget-bg-center  \" >\n        \n                            <div class=\"aux-text-widget-header \"  >\n                        <div class=\"aux-ico-box aux-ico-large aux-ico-shape-circle aux-ico-clear \">\n                            <i aria-hidden=\"true\" class=\"aux-ico fas fa-circle\"><\/i>                        <\/div>\n                <\/div>\n            \n            <div class=\"aux-text-inner aux-text-widget-content\">\n                                <div class=\"widget-content\">\n                                        <p>Contrapozo para ventilaci\u00f3n en di\u00e1metros requeridos.<\/p>                <\/div>\n                            <\/div>\n        <\/div>\n                    <div class=\"aux-text-widget-footer\">\n                <div class=\"aux-border-shape-none \">\n                                <\/div>\n            <\/div>\n        \n<\/section><!-- widget-container -->\t\t\t\t<\/div>\n\t\t\t\t<\/div>\n\t\t\t\t\t<\/div>\n\t\t<\/div>\n\t\t\t\t<div class=\"aux-parallax-section elementor-column elementor-col-20 elementor-inner-column elementor-element elementor-element-20f2ec2 aux-appear-watch-animation aux-scale-down\" data-id=\"20f2ec2\" data-element_type=\"column\">\n\t\t\t<div class=\"elementor-widget-wrap elementor-element-populated\">\n\t\t\t\t\t\t<div class=\"elementor-element elementor-element-63bbc94 elementor-widget elementor-widget-image\" data-id=\"63bbc94\" data-element_type=\"widget\" data-widget_type=\"image.default\">\n\t\t\t\t<div class=\"elementor-widget-container\">\n\t\t\t\t\t\t\t\t\t\t\t\t\t\t\t<img loading=\"lazy\" decoding=\"async\" width=\"300\" height=\"300\" src=\"https:\/\/drilltech.com.mx\/wp-content\/uploads\/2023\/06\/Foto-20-300x300.jpg\" class=\"attachment-medium size-medium wp-image-102\" alt=\"\" srcset=\"https:\/\/drilltech.com.mx\/wp-content\/uploads\/2023\/06\/Foto-20-300x300.jpg 300w, https:\/\/drilltech.com.mx\/wp-content\/uploads\/2023\/06\/Foto-20-150x150.jpg 150w\" sizes=\"(max-width: 300px) 100vw, 300px\" \/>\t\t\t\t\t\t\t\t\t\t\t\t\t\t\t<\/div>\n\t\t\t\t<\/div>\n\t\t\t\t\t<\/div>\n\t\t<\/div>\n\t\t\t\t<div class=\"aux-parallax-section elementor-column elementor-col-20 elementor-inner-column elementor-element elementor-element-b63132b aux-appear-watch-animation aux-scale-down\" data-id=\"b63132b\" data-element_type=\"column\">\n\t\t\t<div class=\"elementor-widget-wrap elementor-element-populated\">\n\t\t\t\t\t\t<div class=\"elementor-element elementor-element-71b6121 elementor-widget elementor-widget-aux_text\" data-id=\"71b6121\" data-element_type=\"widget\" data-widget_type=\"aux_text.default\">\n\t\t\t\t<div class=\"elementor-widget-container\">\n\t\t\t\t\t<section class=\"widget-container aux-widget-text aux-parent-au31d33b46\">        <div class=\"aux-widget-advanced-text aux-wrap-style-simple aux-ico-pos-top aux-text-center aux-text-resp- aux-text-color-dark aux-text-widget-bg-center  \" >\n        \n                            <div class=\"aux-text-widget-header \"  >\n                        <div class=\"aux-ico-box aux-ico-large aux-ico-shape-circle aux-ico-clear \">\n                            <i aria-hidden=\"true\" class=\"aux-ico fas fa-circle\"><\/i>                        <\/div>\n                <\/div>\n            \n            <div class=\"aux-text-inner aux-text-widget-content\">\n                                <div class=\"widget-content\">\n                                        <p>Pilotos para servicios de mina.<\/p>                <\/div>\n                            <\/div>\n        <\/div>\n                    <div class=\"aux-text-widget-footer\">\n                <div class=\"aux-border-shape-none \">\n                                <\/div>\n            <\/div>\n        \n<\/section><!-- widget-container -->\t\t\t\t<\/div>\n\t\t\t\t<\/div>\n\t\t\t\t\t<\/div>\n\t\t<\/div>\n\t\t\t\t<div class=\"aux-parallax-section elementor-column elementor-col-20 elementor-inner-column elementor-element elementor-element-53f6cd9 aux-appear-watch-animation aux-scale-down\" data-id=\"53f6cd9\" data-element_type=\"column\">\n\t\t\t<div class=\"elementor-widget-wrap elementor-element-populated\">\n\t\t\t\t\t\t<div class=\"elementor-element elementor-element-851f8db elementor-widget elementor-widget-image\" data-id=\"851f8db\" data-element_type=\"widget\" data-widget_type=\"image.default\">\n\t\t\t\t<div class=\"elementor-widget-container\">\n\t\t\t\t\t\t\t\t\t\t\t\t\t\t\t<img loading=\"lazy\" decoding=\"async\" width=\"1024\" height=\"774\" src=\"https:\/\/drilltech.com.mx\/wp-content\/uploads\/2023\/06\/fOTO-22-1024x774.jpg\" class=\"attachment-large size-large wp-image-104\" alt=\"\" \/>\t\t\t\t\t\t\t\t\t\t\t\t\t\t\t<\/div>\n\t\t\t\t<\/div>\n\t\t\t\t\t<\/div>\n\t\t<\/div>\n\t\t\t\t<div class=\"aux-parallax-section elementor-column elementor-col-20 elementor-inner-column elementor-element elementor-element-2e3e6c3 aux-appear-watch-animation aux-scale-down\" data-id=\"2e3e6c3\" data-element_type=\"column\">\n\t\t\t<div class=\"elementor-widget-wrap elementor-element-populated\">\n\t\t\t\t\t\t<div class=\"elementor-element elementor-element-fc6f082 elementor-widget elementor-widget-aux_text\" data-id=\"fc6f082\" data-element_type=\"widget\" data-widget_type=\"aux_text.default\">\n\t\t\t\t<div class=\"elementor-widget-container\">\n\t\t\t\t\t<section class=\"widget-container aux-widget-text aux-parent-auafeaaa14\">        <div class=\"aux-widget-advanced-text aux-wrap-style-simple aux-ico-pos-top aux-text-center aux-text-resp- aux-text-color-dark aux-text-widget-bg-center  \" >\n        \n                            <div class=\"aux-text-widget-header \"  >\n                        <div class=\"aux-ico-box aux-ico-large aux-ico-shape-circle aux-ico-clear \">\n                            <i aria-hidden=\"true\" class=\"aux-ico fas fa-circle\"><\/i>                        <\/div>\n                <\/div>\n            \n            <div class=\"aux-text-inner aux-text-widget-content\">\n                                <div class=\"widget-content\">\n                                        <p>Slots para producci\u00f3n.<\/p>                <\/div>\n                            <\/div>\n        <\/div>\n                    <div class=\"aux-text-widget-footer\">\n                <div class=\"aux-border-shape-none \">\n                                <\/div>\n            <\/div>\n        \n<\/section><!-- widget-container -->\t\t\t\t<\/div>\n\t\t\t\t<\/div>\n\t\t\t\t\t<\/div>\n\t\t<\/div>\n\t\t\t\t\t<\/div>\n\t\t<\/section>\n\t\t\t\t<div class=\"elementor-element elementor-element-d0ebb14 elementor-widget elementor-widget-aux_modern_button\" data-id=\"d0ebb14\" data-element_type=\"widget\" data-widget_type=\"aux_modern_button.default\">\n\t\t\t\t<div class=\"elementor-widget-container\">\n\t\t\t\t\t    <div class=\"aux-modern-button-wrapper aux-modern-button-align-center\" >\n                    <a class=\"aux-modern-button aux-black aux-modern-button-md aux-modern-button-normal aux-modern-button-default aux-icon-right\" href=\"https:\/\/drilltech.com.mx\/index.php\/services\/\">\n                <div class=\"aux-overlay\"><\/div>\n                                    <div class=\"aux-icon \">\n                        <i aria-hidden=\"true\" class=\"fas fa-angle-right\"><\/i>                    <\/div>\n                                <div class=\"aux-text\">\n<span class=\"aux-text-before\">Conocer m\u00e1s<\/span>                <\/div>\n            <\/a>\n            \n    <\/div>\n\n    \t\t\t\t<\/div>\n\t\t\t\t<\/div>\n\t\t\t\t\t<\/div>\n\t\t<\/div>\n\t\t\t\t\t<\/div>\n\t\t<\/section>\n\t\t\t\t<section class=\"elementor-section elementor-top-section elementor-element elementor-element-15ead971 elementor-section-stretched elementor-section-boxed elementor-section-height-default elementor-section-height-default\" data-id=\"15ead971\" data-element_type=\"section\" data-settings=\"{&quot;stretch_section&quot;:&quot;section-stretched&quot;,&quot;background_background&quot;:&quot;classic&quot;}\">\n\t\t\t\t\t\t<div class=\"elementor-container elementor-column-gap-default\">\n\t\t\t\t\t<div class=\"aux-parallax-section elementor-column elementor-col-50 elementor-top-column elementor-element elementor-element-6072147d\" data-id=\"6072147d\" data-element_type=\"column\">\n\t\t\t<div class=\"elementor-widget-wrap elementor-element-populated\">\n\t\t\t\t\t\t<div class=\"elementor-element elementor-element-f377b38 aux-appear-watch-animation aux-fade-in-up elementor-widget elementor-widget-aux_modern_heading\" data-id=\"f377b38\" data-element_type=\"widget\" data-widget_type=\"aux_modern_heading.default\">\n\t\t\t\t<div class=\"elementor-widget-container\">\n\t\t\t\t\t<section class=\"aux-widget-modern-heading\">\n            <div class=\"aux-widget-inner\"><h2 class=\"aux-modern-heading-primary\">EQUIPO<\/h2><h3 class=\"aux-modern-heading-secondary\"><span class=\"aux-head-before\"> Contamos con la mejor maquinaria<\/span><\/h3><div class=\"aux-modern-heading-divider\"><\/div><div class=\"aux-modern-heading-description\"><p>Contamos con el mejor equipo, el cual dar\u00e1 las mejores soluciones de perforaci\u00f3n adapt\u00e1ndonos a las necesidades el cliente<\/p><p>Estando siempre a la vanguardia en innovaci\u00f3n de tecnolog\u00eda y mejoras a los procesos.<\/p><\/div><\/div>\n        <\/section>\t\t\t\t<\/div>\n\t\t\t\t<\/div>\n\t\t\t\t<div class=\"elementor-element elementor-element-58e1232 elementor-widget elementor-widget-aux_modern_button\" data-id=\"58e1232\" data-element_type=\"widget\" data-widget_type=\"aux_modern_button.default\">\n\t\t\t\t<div class=\"elementor-widget-container\">\n\t\t\t\t\t    <div class=\"aux-modern-button-wrapper aux-modern-button-align-center\" >\n                    <a class=\"aux-modern-button aux-black aux-modern-button-md aux-modern-button-normal aux-modern-button-default aux-icon-right\" href=\"https:\/\/drilltech.com.mx\/index.php\/services\/#equipo\">\n                <div class=\"aux-overlay\"><\/div>\n                                    <div class=\"aux-icon \">\n                        <i aria-hidden=\"true\" class=\"fas fa-angle-right\"><\/i>                    <\/div>\n                                <div class=\"aux-text\">\n<span class=\"aux-text-before\">Nuestro Equipo<\/span>                <\/div>\n            <\/a>\n            \n    <\/div>\n\n    \t\t\t\t<\/div>\n\t\t\t\t<\/div>\n\t\t\t\t\t<\/div>\n\t\t<\/div>\n\t\t\t\t<div class=\"aux-parallax-section elementor-column elementor-col-50 elementor-top-column elementor-element elementor-element-051dffd\" data-id=\"051dffd\" data-element_type=\"column\">\n\t\t\t<div class=\"elementor-widget-wrap elementor-element-populated\">\n\t\t\t\t\t\t<div class=\"elementor-element elementor-element-d7b269c elementor-widget elementor-widget-image\" data-id=\"d7b269c\" data-element_type=\"widget\" data-widget_type=\"image.default\">\n\t\t\t\t<div class=\"elementor-widget-container\">\n\t\t\t\t\t\t\t\t\t\t\t\t\t\t\t<img loading=\"lazy\" decoding=\"async\" width=\"768\" height=\"768\" src=\"https:\/\/drilltech.com.mx\/wp-content\/uploads\/2023\/06\/FOTO-21-768x768.jpg\" class=\"attachment-medium_large size-medium_large wp-image-103\" alt=\"\" srcset=\"https:\/\/drilltech.com.mx\/wp-content\/uploads\/2023\/06\/FOTO-21-768x768.jpg 768w, https:\/\/drilltech.com.mx\/wp-content\/uploads\/2023\/06\/FOTO-21-300x300.jpg 300w, https:\/\/drilltech.com.mx\/wp-content\/uploads\/2023\/06\/FOTO-21-150x150.jpg 150w\" sizes=\"(max-width: 768px) 100vw, 768px\" \/>\t\t\t\t\t\t\t\t\t\t\t\t\t\t\t<\/div>\n\t\t\t\t<\/div>\n\t\t\t\t\t<\/div>\n\t\t<\/div>\n\t\t\t\t\t<\/div>\n\t\t<\/section>\n\t\t\t\t<\/div>\n\t\t","protected":false},"excerpt":{"rendered":"<p>Somos DRILLTECH Qui\u00e9nes somos \u00a1Con\u00f3cenos! Somos una empresa dedicada a realizar perforaciones mineras de tipo Raise Boring de para la miner\u00eda y construcci\u00f3n acuerdo a las necesidades del cliente Contamos con el equipo con la tecnolog\u00eda m\u00e1s moderna y personal capacitado para esta actividad. Leer m\u00e1s SERVICIO Nos especializamos en perforaciones de tipo Raise Boring [&hellip;]<\/p>\n","protected":false},"author":3,"featured_media":0,"parent":0,"menu_order":0,"comment_status":"closed","ping_status":"closed","template":"templates\/page-builder-content.php","meta":{"footnotes":""},"class_list":["post-172","page","type-page","status-publish","hentry"],"_links":{"self":[{"href":"https:\/\/drilltech.com.mx\/index.php\/wp-json\/wp\/v2\/pages\/172","targetHints":{"allow":["GET"]}}],"collection":[{"href":"https:\/\/drilltech.com.mx\/index.php\/wp-json\/wp\/v2\/pages"}],"about":[{"href":"https:\/\/drilltech.com.mx\/index.php\/wp-json\/wp\/v2\/types\/page"}],"author":[{"embeddable":true,"href":"https:\/\/drilltech.com.mx\/index.php\/wp-json\/wp\/v2\/users\/3"}],"replies":[{"embeddable":true,"href":"https:\/\/drilltech.com.mx\/index.php\/wp-json\/wp\/v2\/comments?post=172"}],"version-history":[{"count":82,"href":"https:\/\/drilltech.com.mx\/index.php\/wp-json\/wp\/v2\/pages\/172\/revisions"}],"predecessor-version":[{"id":403,"href":"https:\/\/drilltech.com.mx\/index.php\/wp-json\/wp\/v2\/pages\/172\/revisions\/403"}],"wp:attachment":[{"href":"https:\/\/drilltech.com.mx\/index.php\/wp-json\/wp\/v2\/media?parent=172"}],"curies":[{"name":"wp","href":"https:\/\/api.w.org\/{rel}","templated":true}]}}