{"id":3,"date":"2023-06-26T22:20:08","date_gmt":"2023-06-26T22:20:08","guid":{"rendered":"https:\/\/drilltech.com.mx\/?page_id=3"},"modified":"2023-07-01T16:37:30","modified_gmt":"2023-07-01T16:37:30","slug":"privacy-policy","status":"publish","type":"page","link":"https:\/\/drilltech.com.mx\/index.php\/privacy-policy\/","title":{"rendered":"Aviso de privacidad"},"content":{"rendered":"\t\t<div data-elementor-type=\"wp-page\" data-elementor-id=\"3\" class=\"elementor elementor-3\">\n\t\t\t\t\t\t<section class=\"elementor-section elementor-top-section elementor-element elementor-element-4b73575b elementor-section-boxed elementor-section-height-default elementor-section-height-default\" data-id=\"4b73575b\" data-element_type=\"section\">\n\t\t\t\t\t\t<div class=\"elementor-container elementor-column-gap-default\">\n\t\t\t\t\t<div class=\"aux-parallax-section elementor-column elementor-col-100 elementor-top-column elementor-element elementor-element-6633e2e5\" data-id=\"6633e2e5\" data-element_type=\"column\">\n\t\t\t<div class=\"elementor-widget-wrap elementor-element-populated\">\n\t\t\t\t\t\t<div class=\"elementor-element elementor-element-5c4a33d8 elementor-widget elementor-widget-text-editor\" data-id=\"5c4a33d8\" data-element_type=\"widget\" data-widget_type=\"text-editor.default\">\n\t\t\t\t<div class=\"elementor-widget-container\">\n\t\t\t\t\t\t\t\t\t<p><strong>AVISO DE PRIVACIDAD<\/strong><\/p>\n<p><strong>INDUSTRIAL SERVICE MANUFACTURING AND IMPORTING SA<\/strong> <strong>de CV<\/strong> mejor conocido como <strong>DRILLING TECHNOLOGY<\/strong> con domicilio en PASEO DEL AGUA 17 LAS ETNIAS TORREON COAHUILA CP 27058 en la entidad de Torre\u00f3n, Coahuila, pa\u00eds M\u00e9xico, y portal de internet <strong>www.drilltech.com.mx<\/strong> es el responsable del uso y protecci\u00f3n de sus datos personales, y al respecto le informamos lo siguiente:<\/p>\n<p><strong>\u00bfPara qu\u00e9 fines utilizaremos sus datos personales?<\/strong><br \/>Los datos personales que recabamos de usted, los utilizaremos para las siguientes finalidades que son necesarias para el servicio que solicita:<br \/>1. Para darlo de alta en nuestro sistema para enviarle nuestras propuestas de Servicios\u00a0<br \/>2.\u00a0Enviarle Cotizaciones sobre los Servicios.<br \/>De manera adicional, utilizaremos su informaci\u00f3n personal para las siguientes finalidades que no son necesarias para el servicio solicitado, pero que nos permiten y facilitan brindarle una mejor atenci\u00f3n:<\/p>\n<p><br \/><strong>Publicidad.<\/strong><br \/>En caso de que no desee que sus datos personales sean tratados para estos fines adicionales, desde este momento usted nos puede comunicar lo anterior, Enviando un correo a la siguiente direcci\u00f3n: <strong>PASEO DEL AGUA 17 LAS ETNIAS TORREON COAHUILA CP 27058<\/strong> en la cual manifestar\u00e1 que no estar de acuerdo en que sus datos sean empleados para enviarle Publicidad de la Empresa.<br \/>La negativa para el uso de sus datos personales para estas finalidades no podr\u00e1 ser un motivo para que le neguemos los servicios y productos que solicita o contrata con nosotros.<br \/><strong>\u00bfQu\u00e9 datos personales utilizaremos para estos fines?<\/strong><br \/>Para llevar a cabo las finalidades descritas en el presente aviso de privacidad, utilizaremos los siguientes datos personales: Datos de contacto. Informaci\u00f3n que permite mantener o entrar en contacto con su titular, tal como: domicilio; correo electr\u00f3nico; tel\u00e9fono fijo; tel\u00e9fono celular, entre otra.<\/p>\n<p><strong>Medios para recabar la informaci\u00f3n\u00a0<\/strong><\/p>\n<p>Podemos recabar sus Datos Personales de distintas formas: a) cuando usted no los proporciones directamente. b) cuando visite nuestro sitio oficial de internet y utiliza nuestros servicios en l\u00ednea c) cuando obtenemos informaci\u00f3n de otras fuentes que est\u00e9n permitidas en la Ley. La veracidad de la informaci\u00f3n que proporcione queda bajo su responsabilidad.\u00a0<\/p>\n<p>\u00a0<\/p>\n<p><strong>Como usamos la informaci\u00f3n\u00a0<\/strong><br \/>Nos comprometemos a no transferir informaci\u00f3n personal a terceros sin su consentimiento, salvo las excepciones previstas en la Ley General de Protecci\u00f3n de Datos Personales. Si usted no manifiesta su oposici\u00f3n para que sus datos sean transferidos, se entender\u00e1 que ha otorgado su consentimiento para ello. INDUSTRIAL SERVICE MANUFACTURING AND IMPORTING SA de CV, solamente transferir\u00e1 sus datos en los siguientes casos: a) Cuando sus Datos sean requeridos por la Ley. b) cuando sus datos sean requeridos durante un proceso de investigaci\u00f3n judicial o gubernamental.\u00a0<\/p>\n<p>\u00a0<\/p>\n<p><strong>\u00bfC\u00f3mo puede acceder, rectificar o cancelar sus datos personales, u oponerse a su uso?<\/strong><br \/>Usted tiene derecho a conocer qu\u00e9 datos personales tenemos de usted, para qu\u00e9 los utilizamos y las condiciones del uso que les damos (Acceso). Asimismo, es su derecho solicitar la correcci\u00f3n de su informaci\u00f3n personal en caso de que est\u00e9 desactualizada, sea inexacta o incompleta (Rectificaci\u00f3n); que la eliminemos de nuestros registros o bases de datos cuando considere que la misma no est\u00e1 siendo utilizada conforme a los principios, deberes y obligaciones previstas en la normativa (Cancelaci\u00f3n); as\u00ed como oponerse al uso de sus datos personales para fines espec\u00edficos (Oposici\u00f3n). Estos derechos se conocen como derechos ARCO.<br \/>Para el ejercicio de cualquiera de los derechos ARCO, usted deber\u00e1 presentar la solicitud respectiva mediante escrito libre en los t\u00e9rminos que marca la Ley Federal de Protecci\u00f3n de Datos Personales en Posesi\u00f3n de los Particulares, en su art\u00edculo 29, pudi\u00e9ndola presentar f\u00edsicamente en el domicilio se\u00f1alado al principio del presente Aviso de Privacidad, o bien, dirigir un correo a:\u00a0<br \/>Nuestro Departamento de Privacidad, que dar\u00e1 tr\u00e1mite a las solicitudes para el ejercicio de estos derechos, y atender\u00e1 cualquier duda que pudiera tener respecto al tratamiento de su informaci\u00f3n. Enviando su solicitud a la siguiente direcci\u00f3n de correo electr\u00f3nico del Departamento de Privacidad:<br \/>administracion@drilltech.com.mx<\/p>\n<p>\u00a0<\/p>\n<p><strong>MODIFICACIONES AL AVISO DE PRIVACIDAD.<\/strong><br \/>Nos reservamos el derecho de efectuar en cualquier momento modificaciones o actualizaciones al presente aviso de privacidad, en atenci\u00f3n a novedades legislativas o pol\u00edticas internas.<br \/>Nos comprometemos a mantenerlo informado sobre los cambios que pueda sufrir el presente Aviso de Privacidad, en caso de que esto suceda, ser\u00e1 publicado en nuestro sitio Web: www.drilltech.com.mx; y en caso de cambios substanciales, se los notificaremos a trav\u00e9s de los medios de contacto que nos proporcion\u00f3.<\/p>\n<p>\u00a0<\/p>\n<p><strong>CONTROL Y SEGURIDAD DE INFORMACI\u00d3N PERSONAL.<\/strong><br \/>Nos comprometemos a tomar las medidas necesarias para proteger la informaci\u00f3n recopilada, utilizando tecnolog\u00edas de seguridad y procedimientos de control en el acceso, uso o divulgaci\u00f3n de su informaci\u00f3n personal sin autorizaci\u00f3n; por ejemplo, almacenando la informaci\u00f3n personal proporcionada en servidores que cuentan con controles de acceso limitado. Para solicitudes en l\u00ednea, utilizamos tambi\u00e9n tecnolog\u00edas de seguridad que protegen la informaci\u00f3n personal que nos sea transmitida a trav\u00e9s de los diversos medios electr\u00f3nicos; sin embargo, ning\u00fan sistema de seguridad o de transmisi\u00f3n de datos del cual la empresa no tenga el control absoluto y\/o tenga dependencia con internet puede garantizar que sea totalmente seguro.<\/p>\n<p>De igual modo nuestros empleados, representantes, subcontratistas, consultores y\/o los terceros que intervengan en cualquier fase del tratamiento de los Datos Personales y\/o Datos Personales Patrimoniales o Financieros del Titular deber\u00e1n guardar confidencialidad respecto de \u00e9stos, obligaci\u00f3n que subsistir\u00e1 a\u00fan despu\u00e9s de finalizar la relaci\u00f3n entre el Responsable y el Titular.<\/p>\n<p>\u00a0<\/p>\n<p><strong>MEDIOS ELECTR\u00d3NICOS Y COOKIES.<\/strong><br \/>Si Usted utiliza medios electr\u00f3nicos en relaci\u00f3n a sus datos personales se generar\u00e1n cookies a efecto de proporcionarle un mejor servicio.<br \/>Los cookies son peque\u00f1as piezas de informaci\u00f3n que son enviadas por el sitio Web a su navegador.<br \/>Los cookies se almacenan en el disco duro de su equipo y se utilizan para determinar sus preferencias cuando se conecta a los servicios de nuestros sitios, as\u00ed como para rastrear determinados comportamientos o actividades llevadas a cabo por Usted dentro de nuestros sitios.<br \/>En secciones de nuestro sitio requerimos que el cliente tenga habilitados los cookies ya que algunas de las funcionalidades requieren de \u00e9stas para trabajar. Los cookies nos permiten:<br \/>Reconocerlo al momento de entrar a nuestros sitios y ofrecerle de una experiencia personalizada;<br \/>Conocer la configuraci\u00f3n personal del sitio especificada por Usted, por ejemplo, los cookies nos permiten detectar el ancho de banda que Usted ha seleccionado al momento de ingresar al home page de nuestro sitio, de tal forma que sabemos qu\u00e9 tipo de informaci\u00f3n es aconsejable descargar;<br \/>Calcular el tama\u00f1o de nuestra audiencia y medir algunos par\u00e1metros de tr\u00e1fico, pues cada navegador que obtiene acceso a nuestros sitios adquiere un cookie que se usa para determinar la frecuencia de uso y las secciones de los sitios visitadas, reflejando as\u00ed sus h\u00e1bitos y preferencias, informaci\u00f3n que nos es \u00fatil para mejorar el contenido, los titulares y las promociones para los usuarios.<br \/>\u00a0<\/p>\n<p>Los cookies tambi\u00e9n nos ayudan a rastrear algunas actividades, por ejemplo, en algunas de las encuestas que lanzamos en l\u00ednea, podemos utilizar cookies para detectar si el usuario ya ha llenado la encuesta y evitar desplegarla nuevamente, en caso de que lo haya hecho. El bot\u00f3n de \u201cayuda\u201d que se encuentra en la barra de herramientas de la mayor\u00eda de los navegadores, le dir\u00e1 c\u00f3mo evitar aceptar nuevos cookies, c\u00f3mo hacer que el navegador le notifique cuando recibe un nuevo cookie o c\u00f3mo deshabilitar todos los cookies. Sin embargo, las cookies le permitir\u00e1n tomar ventaja de las caracter\u00edsticas m\u00e1s ben\u00e9ficas que le ofrecemos, por lo que recomendamos tenerlas activas.<\/p>\t\t\t\t\t\t\t\t<\/div>\n\t\t\t\t<\/div>\n\t\t\t\t\t<\/div>\n\t\t<\/div>\n\t\t\t\t\t<\/div>\n\t\t<\/section>\n\t\t\t\t<\/div>\n\t\t","protected":false},"excerpt":{"rendered":"<p>AVISO DE PRIVACIDAD INDUSTRIAL SERVICE MANUFACTURING AND IMPORTING SA de CV mejor conocido como DRILLING TECHNOLOGY con domicilio en PASEO DEL AGUA 17 LAS ETNIAS TORREON COAHUILA CP 27058 en la entidad de Torre\u00f3n, Coahuila, pa\u00eds M\u00e9xico, y portal de internet www.drilltech.com.mx es el responsable del uso y protecci\u00f3n de sus datos personales, y al [&hellip;]<\/p>\n","protected":false},"author":1,"featured_media":0,"parent":0,"menu_order":0,"comment_status":"closed","ping_status":"open","template":"","meta":{"footnotes":""},"class_list":["post-3","page","type-page","status-publish","hentry"],"_links":{"self":[{"href":"https:\/\/drilltech.com.mx\/index.php\/wp-json\/wp\/v2\/pages\/3","targetHints":{"allow":["GET"]}}],"collection":[{"href":"https:\/\/drilltech.com.mx\/index.php\/wp-json\/wp\/v2\/pages"}],"about":[{"href":"https:\/\/drilltech.com.mx\/index.php\/wp-json\/wp\/v2\/types\/page"}],"author":[{"embeddable":true,"href":"https:\/\/drilltech.com.mx\/index.php\/wp-json\/wp\/v2\/users\/1"}],"replies":[{"embeddable":true,"href":"https:\/\/drilltech.com.mx\/index.php\/wp-json\/wp\/v2\/comments?post=3"}],"version-history":[{"count":4,"href":"https:\/\/drilltech.com.mx\/index.php\/wp-json\/wp\/v2\/pages\/3\/revisions"}],"predecessor-version":[{"id":398,"href":"https:\/\/drilltech.com.mx\/index.php\/wp-json\/wp\/v2\/pages\/3\/revisions\/398"}],"wp:attachment":[{"href":"https:\/\/drilltech.com.mx\/index.php\/wp-json\/wp\/v2\/media?parent=3"}],"curies":[{"name":"wp","href":"https:\/\/api.w.org\/{rel}","templated":true}]}}